{"id":10,"date":"2023-12-18T19:20:44","date_gmt":"2023-12-18T22:20:44","guid":{"rendered":"https:\/\/demomateriaiseletricos.com.br\/?page_id=10"},"modified":"2024-01-18T19:31:26","modified_gmt":"2024-01-18T22:31:26","slug":"one-page","status":"publish","type":"page","link":"https:\/\/demomateriaiseletricos.com.br\/","title":{"rendered":"One Page"},"content":{"rendered":"\t\t<div data-elementor-type=\"wp-page\" data-elementor-id=\"10\" class=\"elementor elementor-10\" data-elementor-post-type=\"page\">\n\t\t\t\t<div class=\"elementor-element elementor-element-ef62d90 e-con-full elementor-hidden-mobile e-flex elementor-invisible e-con e-parent\" data-id=\"ef62d90\" data-element_type=\"container\" data-settings=\"{&quot;animation&quot;:&quot;fadeIn&quot;}\">\n\t\t<div class=\"elementor-element elementor-element-3d85602 e-con-full e-flex e-con e-child\" data-id=\"3d85602\" data-element_type=\"container\">\n\t\t\t\t<div class=\"elementor-element elementor-element-14c4778 elementor-widget elementor-widget-image\" data-id=\"14c4778\" data-element_type=\"widget\" data-widget_type=\"image.default\">\n\t\t\t\t<div class=\"elementor-widget-container\">\n\t\t\t\t\t\t\t\t\t\t\t\t\t\t\t<img fetchpriority=\"high\" decoding=\"async\" width=\"1920\" height=\"658\" src=\"https:\/\/demomateriaiseletricos.com.br\/wp-content\/uploads\/2023\/12\/demo-header-desk.png\" class=\"attachment-full size-full wp-image-41\" alt=\"\" srcset=\"https:\/\/demomateriaiseletricos.com.br\/wp-content\/uploads\/2023\/12\/demo-header-desk.png 1920w, https:\/\/demomateriaiseletricos.com.br\/wp-content\/uploads\/2023\/12\/demo-header-desk-300x103.png 300w, https:\/\/demomateriaiseletricos.com.br\/wp-content\/uploads\/2023\/12\/demo-header-desk-1024x351.png 1024w, https:\/\/demomateriaiseletricos.com.br\/wp-content\/uploads\/2023\/12\/demo-header-desk-768x263.png 768w, https:\/\/demomateriaiseletricos.com.br\/wp-content\/uploads\/2023\/12\/demo-header-desk-1536x526.png 1536w\" sizes=\"(max-width: 1920px) 100vw, 1920px\" \/>\t\t\t\t\t\t\t\t\t\t\t\t\t\t\t<\/div>\n\t\t\t\t<\/div>\n\t\t\t\t<\/div>\n\t\t\t\t<\/div>\n\t\t<div class=\"elementor-element elementor-element-a41230a e-con-full elementor-hidden-desktop e-flex elementor-invisible e-con e-parent\" data-id=\"a41230a\" data-element_type=\"container\" data-settings=\"{&quot;animation&quot;:&quot;fadeIn&quot;}\">\n\t\t<div class=\"elementor-element elementor-element-6097044 e-con-full e-flex e-con e-child\" data-id=\"6097044\" data-element_type=\"container\">\n\t\t\t\t<div class=\"elementor-element elementor-element-4624b10 elementor-widget elementor-widget-image\" data-id=\"4624b10\" data-element_type=\"widget\" data-widget_type=\"image.default\">\n\t\t\t\t<div class=\"elementor-widget-container\">\n\t\t\t\t\t\t\t\t\t\t\t\t\t\t\t<img decoding=\"async\" width=\"1184\" height=\"658\" src=\"https:\/\/demomateriaiseletricos.com.br\/wp-content\/uploads\/2023\/12\/demo-header-mobile.png\" class=\"attachment-full size-full wp-image-42\" alt=\"\" srcset=\"https:\/\/demomateriaiseletricos.com.br\/wp-content\/uploads\/2023\/12\/demo-header-mobile.png 1184w, https:\/\/demomateriaiseletricos.com.br\/wp-content\/uploads\/2023\/12\/demo-header-mobile-300x167.png 300w, https:\/\/demomateriaiseletricos.com.br\/wp-content\/uploads\/2023\/12\/demo-header-mobile-1024x569.png 1024w, https:\/\/demomateriaiseletricos.com.br\/wp-content\/uploads\/2023\/12\/demo-header-mobile-768x427.png 768w\" sizes=\"(max-width: 1184px) 100vw, 1184px\" \/>\t\t\t\t\t\t\t\t\t\t\t\t\t\t\t<\/div>\n\t\t\t\t<\/div>\n\t\t\t\t<\/div>\n\t\t\t\t<\/div>\n\t\t<div class=\"elementor-element elementor-element-fee5ccf e-con-full e-flex e-con e-parent\" data-id=\"fee5ccf\" data-element_type=\"container\">\n\t\t<div class=\"elementor-element elementor-element-f2c3b19 e-flex e-con-boxed elementor-invisible e-con e-child\" data-id=\"f2c3b19\" data-element_type=\"container\" data-settings=\"{&quot;animation&quot;:&quot;slideInRight&quot;}\">\n\t\t\t\t\t<div class=\"e-con-inner\">\n\t\t\t\t<div class=\"elementor-element elementor-element-07d8c01 elementor-widget elementor-widget-heading\" data-id=\"07d8c01\" data-element_type=\"widget\" data-widget_type=\"heading.default\">\n\t\t\t\t<div class=\"elementor-widget-container\">\n\t\t\t\t\t<h2 class=\"elementor-heading-title elementor-size-default\">Luz, eleg\u00e2ncia e funcionalidade!<\/h2>\t\t\t\t<\/div>\n\t\t\t\t<\/div>\n\t\t\t\t<div class=\"elementor-element elementor-element-51e6534 elementor-widget elementor-widget-text-editor\" data-id=\"51e6534\" data-element_type=\"widget\" data-widget_type=\"text-editor.default\">\n\t\t\t\t<div class=\"elementor-widget-container\">\n\t\t\t\t\t\t\t\t\t<p>Ilumine seu espa\u00e7o com estilo, crie ambientes acolhedores ou apenas adicione um toque de brilho \u00e0 sua vida.<\/p>\n<p>Desde materiais el\u00e9tricos \u00e0 lustres magn\u00edficos, n\u00f3s n\u00e3o s\u00f3 iluminamos ambientes, como criamos atmosferas, inspiramos emo\u00e7\u00f5es al\u00e9m de adicionar um toque de magia.<\/p>\n\t\t\t\t\t\t\t\t<\/div>\n\t\t\t\t<\/div>\n\t\t\t\t\t<\/div>\n\t\t\t\t<\/div>\n\t\t<div class=\"elementor-element elementor-element-618a046 e-flex e-con-boxed e-con e-child\" data-id=\"618a046\" data-element_type=\"container\">\n\t\t\t\t\t<div class=\"e-con-inner\">\n\t\t<div class=\"elementor-element elementor-element-d027e9c e-con-full e-flex elementor-invisible e-con e-child\" data-id=\"d027e9c\" data-element_type=\"container\" data-settings=\"{&quot;animation&quot;:&quot;slideInUp&quot;}\">\n\t\t<div class=\"elementor-element elementor-element-579a01c e-flex e-con-boxed e-con e-child\" data-id=\"579a01c\" data-element_type=\"container\">\n\t\t\t\t\t<div class=\"e-con-inner\">\n\t\t<div class=\"elementor-element elementor-element-a577c84 e-con-full e-flex e-con e-child\" data-id=\"a577c84\" data-element_type=\"container\">\n\t\t\t\t<div class=\"elementor-element elementor-element-53c3eb4 elementor-widget elementor-widget-image\" data-id=\"53c3eb4\" data-element_type=\"widget\" data-widget_type=\"image.default\">\n\t\t\t\t<div class=\"elementor-widget-container\">\n\t\t\t\t\t\t\t\t\t\t\t\t\t\t\t<img decoding=\"async\" width=\"150\" height=\"216\" src=\"https:\/\/demomateriaiseletricos.com.br\/wp-content\/uploads\/2023\/12\/demo-icon-1.png\" class=\"attachment-full size-full wp-image-44\" alt=\"\" \/>\t\t\t\t\t\t\t\t\t\t\t\t\t\t\t<\/div>\n\t\t\t\t<\/div>\n\t\t\t\t<\/div>\n\t\t<div class=\"elementor-element elementor-element-4fb08f7 e-con-full e-flex e-con e-child\" data-id=\"4fb08f7\" data-element_type=\"container\">\n\t\t\t\t<div class=\"elementor-element elementor-element-f04cf1d elementor-widget elementor-widget-heading\" data-id=\"f04cf1d\" data-element_type=\"widget\" data-widget_type=\"heading.default\">\n\t\t\t\t<div class=\"elementor-widget-container\">\n\t\t\t\t\t<h2 class=\"elementor-heading-title elementor-size-default\">Materiais El\u00e9tricos<\/h2>\t\t\t\t<\/div>\n\t\t\t\t<\/div>\n\t\t\t\t<div class=\"elementor-element elementor-element-645469b elementor-widget elementor-widget-text-editor\" data-id=\"645469b\" data-element_type=\"widget\" data-widget_type=\"text-editor.default\">\n\t\t\t\t<div class=\"elementor-widget-container\">\n\t\t\t\t\t\t\t\t\tTudo que voce\u0302 precisa para sua rede ele\u0301trica.\t\t\t\t\t\t\t\t<\/div>\n\t\t\t\t<\/div>\n\t\t\t\t<\/div>\n\t\t\t\t\t<\/div>\n\t\t\t\t<\/div>\n\t\t\t\t<\/div>\n\t\t<div class=\"elementor-element elementor-element-f69f52c e-con-full e-flex elementor-invisible e-con e-child\" data-id=\"f69f52c\" data-element_type=\"container\" data-settings=\"{&quot;animation&quot;:&quot;slideInUp&quot;,&quot;animation_delay&quot;:200}\">\n\t\t<div class=\"elementor-element elementor-element-d3ad9a8 e-flex e-con-boxed e-con e-child\" data-id=\"d3ad9a8\" data-element_type=\"container\">\n\t\t\t\t\t<div class=\"e-con-inner\">\n\t\t<div class=\"elementor-element elementor-element-bb4c3b3 e-con-full e-flex e-con e-child\" data-id=\"bb4c3b3\" data-element_type=\"container\">\n\t\t\t\t<div class=\"elementor-element elementor-element-911de3f elementor-widget elementor-widget-image\" data-id=\"911de3f\" data-element_type=\"widget\" data-widget_type=\"image.default\">\n\t\t\t\t<div class=\"elementor-widget-container\">\n\t\t\t\t\t\t\t\t\t\t\t\t\t\t\t<img loading=\"lazy\" decoding=\"async\" width=\"187\" height=\"246\" src=\"https:\/\/demomateriaiseletricos.com.br\/wp-content\/uploads\/2023\/12\/demo-icon-2.png\" class=\"attachment-full size-full wp-image-43\" alt=\"\" \/>\t\t\t\t\t\t\t\t\t\t\t\t\t\t\t<\/div>\n\t\t\t\t<\/div>\n\t\t\t\t<\/div>\n\t\t<div class=\"elementor-element elementor-element-629ed69 e-con-full e-flex e-con e-child\" data-id=\"629ed69\" data-element_type=\"container\">\n\t\t\t\t<div class=\"elementor-element elementor-element-0b3a95f elementor-widget elementor-widget-heading\" data-id=\"0b3a95f\" data-element_type=\"widget\" data-widget_type=\"heading.default\">\n\t\t\t\t<div class=\"elementor-widget-container\">\n\t\t\t\t\t<h2 class=\"elementor-heading-title elementor-size-default\">Ilumina\u00e7\u00e3o<\/h2>\t\t\t\t<\/div>\n\t\t\t\t<\/div>\n\t\t\t\t<div class=\"elementor-element elementor-element-e1b70b1 elementor-widget elementor-widget-text-editor\" data-id=\"e1b70b1\" data-element_type=\"widget\" data-widget_type=\"text-editor.default\">\n\t\t\t\t<div class=\"elementor-widget-container\">\n\t\t\t\t\t\t\t\t\tTudo que voce\u0302 precisa para iluminar e decorar a sua casa.\t\t\t\t\t\t\t\t<\/div>\n\t\t\t\t<\/div>\n\t\t\t\t<\/div>\n\t\t\t\t\t<\/div>\n\t\t\t\t<\/div>\n\t\t\t\t<\/div>\n\t\t\t\t\t<\/div>\n\t\t\t\t<\/div>\n\t\t\t\t<\/div>\n\t\t<div class=\"elementor-element elementor-element-c4e2a97 e-con-full e-flex elementor-invisible e-con e-parent\" data-id=\"c4e2a97\" data-element_type=\"container\" data-settings=\"{&quot;animation&quot;:&quot;slideInLeft&quot;}\">\n\t\t\t\t<div class=\"elementor-element elementor-element-1133029 elementor-widget elementor-widget-heading\" data-id=\"1133029\" data-element_type=\"widget\" data-widget_type=\"heading.default\">\n\t\t\t\t<div class=\"elementor-widget-container\">\n\t\t\t\t\t<h2 class=\"elementor-heading-title elementor-size-default\">Conhe\u00e7a alguns produtos que vendemos<\/h2>\t\t\t\t<\/div>\n\t\t\t\t<\/div>\n\t\t<div class=\"elementor-element elementor-element-55d1f90 e-flex e-con-boxed e-con e-child\" data-id=\"55d1f90\" data-element_type=\"container\">\n\t\t\t\t\t<div class=\"e-con-inner\">\n\t\t\t\t<div class=\"elementor-element elementor-element-78a62c7 elementor-widget elementor-widget-gallery\" data-id=\"78a62c7\" data-element_type=\"widget\" data-settings=\"{&quot;gallery_layout&quot;:&quot;masonry&quot;,&quot;columns&quot;:3,&quot;lazyload&quot;:&quot;yes&quot;,&quot;columns_tablet&quot;:2,&quot;columns_mobile&quot;:1,&quot;gap&quot;:{&quot;unit&quot;:&quot;px&quot;,&quot;size&quot;:10,&quot;sizes&quot;:[]},&quot;gap_tablet&quot;:{&quot;unit&quot;:&quot;px&quot;,&quot;size&quot;:10,&quot;sizes&quot;:[]},&quot;gap_mobile&quot;:{&quot;unit&quot;:&quot;px&quot;,&quot;size&quot;:10,&quot;sizes&quot;:[]},&quot;overlay_background&quot;:&quot;yes&quot;,&quot;content_hover_animation&quot;:&quot;fade-in&quot;}\" data-widget_type=\"gallery.default\">\n\t\t\t\t<div class=\"elementor-widget-container\">\n\t\t\t\t\t\t\t<div class=\"elementor-gallery__container\">\n\t\t\t\t\t\t\t<div class=\"e-gallery-item elementor-gallery-item elementor-animated-content\">\n\t\t\t\t\t<div class=\"e-gallery-image elementor-gallery-item__image\" data-thumbnail=\"https:\/\/demomateriaiseletricos.com.br\/wp-content\/uploads\/2023\/12\/galeria1.png\" data-width=\"1032\" data-height=\"676\" aria-label=\"\" role=\"img\" ><\/div>\n\t\t\t\t\t\t\t\t\t\t\t<div class=\"elementor-gallery-item__overlay\"><\/div>\n\t\t\t\t\t\t\t\t\t\t\t\t\t\t<\/div>\n\t\t\t\t\t\t\t<div class=\"e-gallery-item elementor-gallery-item elementor-animated-content\">\n\t\t\t\t\t<div class=\"e-gallery-image elementor-gallery-item__image\" data-thumbnail=\"https:\/\/demomateriaiseletricos.com.br\/wp-content\/uploads\/2023\/12\/galeria3.png\" data-width=\"1032\" data-height=\"676\" aria-label=\"\" role=\"img\" ><\/div>\n\t\t\t\t\t\t\t\t\t\t\t<div class=\"elementor-gallery-item__overlay\"><\/div>\n\t\t\t\t\t\t\t\t\t\t\t\t\t\t<\/div>\n\t\t\t\t\t\t\t<div class=\"e-gallery-item elementor-gallery-item elementor-animated-content\">\n\t\t\t\t\t<div class=\"e-gallery-image elementor-gallery-item__image\" data-thumbnail=\"https:\/\/demomateriaiseletricos.com.br\/wp-content\/uploads\/2023\/12\/galeria2.png\" data-width=\"1032\" data-height=\"2049\" aria-label=\"\" role=\"img\" ><\/div>\n\t\t\t\t\t\t\t\t\t\t\t<div class=\"elementor-gallery-item__overlay\"><\/div>\n\t\t\t\t\t\t\t\t\t\t\t\t\t\t<\/div>\n\t\t\t\t\t\t\t<div class=\"e-gallery-item elementor-gallery-item elementor-animated-content\">\n\t\t\t\t\t<div class=\"e-gallery-image elementor-gallery-item__image\" data-thumbnail=\"https:\/\/demomateriaiseletricos.com.br\/wp-content\/uploads\/2023\/12\/galeria4.png\" data-width=\"1032\" data-height=\"676\" aria-label=\"\" role=\"img\" ><\/div>\n\t\t\t\t\t\t\t\t\t\t\t<div class=\"elementor-gallery-item__overlay\"><\/div>\n\t\t\t\t\t\t\t\t\t\t\t\t\t\t<\/div>\n\t\t\t\t\t\t\t<div class=\"e-gallery-item elementor-gallery-item elementor-animated-content\">\n\t\t\t\t\t<div class=\"e-gallery-image elementor-gallery-item__image\" data-thumbnail=\"https:\/\/demomateriaiseletricos.com.br\/wp-content\/uploads\/2023\/12\/galeria5.png\" data-width=\"1032\" data-height=\"1367\" aria-label=\"\" role=\"img\" ><\/div>\n\t\t\t\t\t\t\t\t\t\t\t<div class=\"elementor-gallery-item__overlay\"><\/div>\n\t\t\t\t\t\t\t\t\t\t\t\t\t\t<\/div>\n\t\t\t\t\t\t\t<div class=\"e-gallery-item elementor-gallery-item elementor-animated-content\">\n\t\t\t\t\t<div class=\"e-gallery-image elementor-gallery-item__image\" data-thumbnail=\"https:\/\/demomateriaiseletricos.com.br\/wp-content\/uploads\/2023\/12\/galeria6.png\" data-width=\"1032\" data-height=\"675\" aria-label=\"\" role=\"img\" ><\/div>\n\t\t\t\t\t\t\t\t\t\t\t<div class=\"elementor-gallery-item__overlay\"><\/div>\n\t\t\t\t\t\t\t\t\t\t\t\t\t\t<\/div>\n\t\t\t\t\t<\/div>\n\t\t\t\t\t<\/div>\n\t\t\t\t<\/div>\n\t\t\t\t\t<\/div>\n\t\t\t\t<\/div>\n\t\t\t\t<\/div>\n\t\t<div class=\"elementor-element elementor-element-7261bcc e-con-full e-flex elementor-invisible e-con e-parent\" data-id=\"7261bcc\" data-element_type=\"container\" data-settings=\"{&quot;background_background&quot;:&quot;classic&quot;,&quot;animation&quot;:&quot;slideInRight&quot;}\">\n\t\t<div class=\"elementor-element elementor-element-68c106e e-flex e-con-boxed e-con e-child\" data-id=\"68c106e\" data-element_type=\"container\">\n\t\t\t\t\t<div class=\"e-con-inner\">\n\t\t\t\t<div class=\"elementor-element elementor-element-68a1e2e elementor-widget elementor-widget-image\" data-id=\"68a1e2e\" data-element_type=\"widget\" data-widget_type=\"image.default\">\n\t\t\t\t<div class=\"elementor-widget-container\">\n\t\t\t\t\t\t\t\t\t\t\t\t\t\t\t<img loading=\"lazy\" decoding=\"async\" width=\"1200\" height=\"583\" src=\"https:\/\/demomateriaiseletricos.com.br\/wp-content\/uploads\/2023\/12\/img-Demo-Landing-Page.png\" class=\"attachment-full size-full wp-image-51\" alt=\"\" srcset=\"https:\/\/demomateriaiseletricos.com.br\/wp-content\/uploads\/2023\/12\/img-Demo-Landing-Page.png 1200w, https:\/\/demomateriaiseletricos.com.br\/wp-content\/uploads\/2023\/12\/img-Demo-Landing-Page-300x146.png 300w, https:\/\/demomateriaiseletricos.com.br\/wp-content\/uploads\/2023\/12\/img-Demo-Landing-Page-1024x497.png 1024w, https:\/\/demomateriaiseletricos.com.br\/wp-content\/uploads\/2023\/12\/img-Demo-Landing-Page-768x373.png 768w\" sizes=\"(max-width: 1200px) 100vw, 1200px\" \/>\t\t\t\t\t\t\t\t\t\t\t\t\t\t\t<\/div>\n\t\t\t\t<\/div>\n\t\t\t\t<div class=\"elementor-element elementor-element-5cfa0cb elementor-widget elementor-widget-heading\" data-id=\"5cfa0cb\" data-element_type=\"widget\" data-widget_type=\"heading.default\">\n\t\t\t\t<div class=\"elementor-widget-container\">\n\t\t\t\t\t<h2 class=\"elementor-heading-title elementor-size-default\">Ambiente iluminado por perfis de LED, pendente e trilho eletrificado.<\/h2>\t\t\t\t<\/div>\n\t\t\t\t<\/div>\n\t\t\t\t<div class=\"elementor-element elementor-element-bdf2511 elementor-widget elementor-widget-text-editor\" data-id=\"bdf2511\" data-element_type=\"widget\" data-widget_type=\"text-editor.default\">\n\t\t\t\t<div class=\"elementor-widget-container\">\n\t\t\t\t\t\t\t\t\tEscrit\u00f3rio da Arquiteta Fabiana Morari Maggioni \u2013 Farroupilha\/RS\t\t\t\t\t\t\t\t<\/div>\n\t\t\t\t<\/div>\n\t\t\t\t\t<\/div>\n\t\t\t\t<\/div>\n\t\t\t\t<\/div>\n\t\t<div class=\"elementor-element elementor-element-4e1bd0a e-con-full e-flex elementor-invisible e-con e-parent\" data-id=\"4e1bd0a\" data-element_type=\"container\" data-settings=\"{&quot;animation&quot;:&quot;slideInUp&quot;}\">\n\t\t<div class=\"elementor-element elementor-element-0b8569c e-flex e-con-boxed e-con e-child\" data-id=\"0b8569c\" data-element_type=\"container\">\n\t\t\t\t\t<div class=\"e-con-inner\">\n\t\t\t\t<div class=\"elementor-element elementor-element-a9d45fd elementor-widget elementor-widget-heading\" data-id=\"a9d45fd\" data-element_type=\"widget\" data-widget_type=\"heading.default\">\n\t\t\t\t<div class=\"elementor-widget-container\">\n\t\t\t\t\t<h2 class=\"elementor-heading-title elementor-size-default\">Mande uma mensagem para a gente.<\/h2>\t\t\t\t<\/div>\n\t\t\t\t<\/div>\n\t\t\t\t\t<\/div>\n\t\t\t\t<\/div>\n\t\t\t\t<\/div>\n\t\t<div class=\"elementor-element elementor-element-8d4b5a3 e-flex e-con-boxed elementor-invisible e-con e-parent\" data-id=\"8d4b5a3\" data-element_type=\"container\" data-settings=\"{&quot;background_background&quot;:&quot;classic&quot;,&quot;animation&quot;:&quot;slideInRight&quot;}\">\n\t\t\t\t\t<div class=\"e-con-inner\">\n\t\t<div class=\"elementor-element elementor-element-b2ac042 e-con-full e-flex e-con e-child\" data-id=\"b2ac042\" data-element_type=\"container\">\n\t\t\t\t<div class=\"elementor-element elementor-element-9f94494 elementor-widget elementor-widget-google_maps\" data-id=\"9f94494\" data-element_type=\"widget\" data-widget_type=\"google_maps.default\">\n\t\t\t\t<div class=\"elementor-widget-container\">\n\t\t\t\t\t\t\t<div class=\"elementor-custom-embed\">\n\t\t\t<iframe loading=\"lazy\"\n\t\t\t\t\tsrc=\"https:\/\/maps.google.com\/maps?q=R.%20Dom%C3%AAnico%20Fin%2C%201481%20%E2%80%93%20Medianeira%2C%20Farroupilha%20%E2%80%93%20RS%2C%2095180-000&#038;t=m&#038;z=15&#038;output=embed&#038;iwloc=near\"\n\t\t\t\t\ttitle=\"R. Dom\u00eanico Fin, 1481 \u2013 Medianeira, Farroupilha \u2013 RS, 95180-000\"\n\t\t\t\t\taria-label=\"R. Dom\u00eanico Fin, 1481 \u2013 Medianeira, Farroupilha \u2013 RS, 95180-000\"\n\t\t\t><\/iframe>\n\t\t<\/div>\n\t\t\t\t\t\t<\/div>\n\t\t\t\t<\/div>\n\t\t\t\t<\/div>\n\t\t<div class=\"elementor-element elementor-element-ace1110 e-con-full e-flex e-con e-child\" data-id=\"ace1110\" data-element_type=\"container\">\n\t\t<div class=\"elementor-element elementor-element-bdd4551 e-flex e-con-boxed e-con e-child\" data-id=\"bdd4551\" data-element_type=\"container\">\n\t\t\t\t\t<div class=\"e-con-inner\">\n\t\t<div class=\"elementor-element elementor-element-7ec6f2d e-con-full e-flex e-con e-child\" data-id=\"7ec6f2d\" data-element_type=\"container\">\n\t\t\t\t<div class=\"elementor-element elementor-element-178a67a elementor-view-default elementor-widget elementor-widget-icon\" data-id=\"178a67a\" data-element_type=\"widget\" data-widget_type=\"icon.default\">\n\t\t\t\t<div class=\"elementor-widget-container\">\n\t\t\t\t\t\t\t<div class=\"elementor-icon-wrapper\">\n\t\t\t<div class=\"elementor-icon\">\n\t\t\t<svg aria-hidden=\"true\" class=\"e-font-icon-svg e-fas-map-marker-alt\" viewBox=\"0 0 384 512\" xmlns=\"http:\/\/www.w3.org\/2000\/svg\"><path d=\"M172.268 501.67C26.97 291.031 0 269.413 0 192 0 85.961 85.961 0 192 0s192 85.961 192 192c0 77.413-26.97 99.031-172.268 309.67-9.535 13.774-29.93 13.773-39.464 0zM192 272c44.183 0 80-35.817 80-80s-35.817-80-80-80-80 35.817-80 80 35.817 80 80 80z\"><\/path><\/svg>\t\t\t<\/div>\n\t\t<\/div>\n\t\t\t\t\t\t<\/div>\n\t\t\t\t<\/div>\n\t\t\t\t<\/div>\n\t\t<div class=\"elementor-element elementor-element-912507f e-flex e-con-boxed e-con e-child\" data-id=\"912507f\" data-element_type=\"container\">\n\t\t\t\t\t<div class=\"e-con-inner\">\n\t\t\t\t<div class=\"elementor-element elementor-element-c79cce8 elementor-widget elementor-widget-heading\" data-id=\"c79cce8\" data-element_type=\"widget\" data-widget_type=\"heading.default\">\n\t\t\t\t<div class=\"elementor-widget-container\">\n\t\t\t\t\t<h2 class=\"elementor-heading-title elementor-size-default\">Nossa localiza\u00e7\u00e3o<\/h2>\t\t\t\t<\/div>\n\t\t\t\t<\/div>\n\t\t\t\t<div class=\"elementor-element elementor-element-83eeb7a elementor-widget elementor-widget-text-editor\" data-id=\"83eeb7a\" data-element_type=\"widget\" data-widget_type=\"text-editor.default\">\n\t\t\t\t<div class=\"elementor-widget-container\">\n\t\t\t\t\t\t\t\t\tR. Dom\u00eanico Fin, 1481 \u2013 Medianeira, Farroupilha \u2013 RS, 95180-000\t\t\t\t\t\t\t\t<\/div>\n\t\t\t\t<\/div>\n\t\t\t\t\t<\/div>\n\t\t\t\t<\/div>\n\t\t\t\t\t<\/div>\n\t\t\t\t<\/div>\n\t\t<div class=\"elementor-element elementor-element-8b17399 e-flex e-con-boxed e-con e-child\" data-id=\"8b17399\" data-element_type=\"container\">\n\t\t\t\t\t<div class=\"e-con-inner\">\n\t\t<div class=\"elementor-element elementor-element-65d900d e-con-full e-flex e-con e-child\" data-id=\"65d900d\" data-element_type=\"container\">\n\t\t\t\t<div class=\"elementor-element elementor-element-aaae888 elementor-view-default elementor-widget elementor-widget-icon\" data-id=\"aaae888\" data-element_type=\"widget\" data-widget_type=\"icon.default\">\n\t\t\t\t<div class=\"elementor-widget-container\">\n\t\t\t\t\t\t\t<div class=\"elementor-icon-wrapper\">\n\t\t\t<div class=\"elementor-icon\">\n\t\t\t<svg aria-hidden=\"true\" class=\"e-font-icon-svg e-fas-phone-alt\" viewBox=\"0 0 512 512\" xmlns=\"http:\/\/www.w3.org\/2000\/svg\"><path d=\"M497.39 361.8l-112-48a24 24 0 0 0-28 6.9l-49.6 60.6A370.66 370.66 0 0 1 130.6 204.11l60.6-49.6a23.94 23.94 0 0 0 6.9-28l-48-112A24.16 24.16 0 0 0 122.6.61l-104 24A24 24 0 0 0 0 48c0 256.5 207.9 464 464 464a24 24 0 0 0 23.4-18.6l24-104a24.29 24.29 0 0 0-14.01-27.6z\"><\/path><\/svg>\t\t\t<\/div>\n\t\t<\/div>\n\t\t\t\t\t\t<\/div>\n\t\t\t\t<\/div>\n\t\t\t\t<\/div>\n\t\t<div class=\"elementor-element elementor-element-dc91822 e-flex e-con-boxed e-con e-child\" data-id=\"dc91822\" data-element_type=\"container\">\n\t\t\t\t\t<div class=\"e-con-inner\">\n\t\t\t\t<div class=\"elementor-element elementor-element-caa00b7 elementor-widget elementor-widget-heading\" data-id=\"caa00b7\" data-element_type=\"widget\" data-widget_type=\"heading.default\">\n\t\t\t\t<div class=\"elementor-widget-container\">\n\t\t\t\t\t<h2 class=\"elementor-heading-title elementor-size-default\">Ligue para n\u00f3s<\/h2>\t\t\t\t<\/div>\n\t\t\t\t<\/div>\n\t\t\t\t<div class=\"elementor-element elementor-element-85d2892 elementor-widget elementor-widget-text-editor\" data-id=\"85d2892\" data-element_type=\"widget\" data-widget_type=\"text-editor.default\">\n\t\t\t\t<div class=\"elementor-widget-container\">\n\t\t\t\t\t\t\t\t\t(54) 3261 5648\t\t\t\t\t\t\t\t<\/div>\n\t\t\t\t<\/div>\n\t\t\t\t<div class=\"elementor-element elementor-element-334cb4f elementor-widget elementor-widget-text-editor\" data-id=\"334cb4f\" data-element_type=\"widget\" data-widget_type=\"text-editor.default\">\n\t\t\t\t<div class=\"elementor-widget-container\">\n\t\t\t\t\t\t\t\t\t(54) 99614 5178\t\t\t\t\t\t\t\t<\/div>\n\t\t\t\t<\/div>\n\t\t\t\t\t<\/div>\n\t\t\t\t<\/div>\n\t\t\t\t\t<\/div>\n\t\t\t\t<\/div>\n\t\t<div class=\"elementor-element elementor-element-0a818d7 e-flex e-con-boxed e-con e-child\" data-id=\"0a818d7\" data-element_type=\"container\">\n\t\t\t\t\t<div class=\"e-con-inner\">\n\t\t<div class=\"elementor-element elementor-element-bf31370 e-con-full e-flex e-con e-child\" data-id=\"bf31370\" data-element_type=\"container\">\n\t\t\t\t<div class=\"elementor-element elementor-element-0ddb1f7 elementor-view-default elementor-widget elementor-widget-icon\" data-id=\"0ddb1f7\" data-element_type=\"widget\" data-widget_type=\"icon.default\">\n\t\t\t\t<div class=\"elementor-widget-container\">\n\t\t\t\t\t\t\t<div class=\"elementor-icon-wrapper\">\n\t\t\t<div class=\"elementor-icon\">\n\t\t\t<svg aria-hidden=\"true\" class=\"e-font-icon-svg e-fas-envelope\" viewBox=\"0 0 512 512\" xmlns=\"http:\/\/www.w3.org\/2000\/svg\"><path d=\"M502.3 190.8c3.9-3.1 9.7-.2 9.7 4.7V400c0 26.5-21.5 48-48 48H48c-26.5 0-48-21.5-48-48V195.6c0-5 5.7-7.8 9.7-4.7 22.4 17.4 52.1 39.5 154.1 113.6 21.1 15.4 56.7 47.8 92.2 47.6 35.7.3 72-32.8 92.3-47.6 102-74.1 131.6-96.3 154-113.7zM256 320c23.2.4 56.6-29.2 73.4-41.4 132.7-96.3 142.8-104.7 173.4-128.7 5.8-4.5 9.2-11.5 9.2-18.9v-19c0-26.5-21.5-48-48-48H48C21.5 64 0 85.5 0 112v19c0 7.4 3.4 14.3 9.2 18.9 30.6 23.9 40.7 32.4 173.4 128.7 16.8 12.2 50.2 41.8 73.4 41.4z\"><\/path><\/svg>\t\t\t<\/div>\n\t\t<\/div>\n\t\t\t\t\t\t<\/div>\n\t\t\t\t<\/div>\n\t\t\t\t<\/div>\n\t\t<div class=\"elementor-element elementor-element-61f67da e-flex e-con-boxed e-con e-child\" data-id=\"61f67da\" data-element_type=\"container\">\n\t\t\t\t\t<div class=\"e-con-inner\">\n\t\t\t\t<div class=\"elementor-element elementor-element-72aa9e3 elementor-widget elementor-widget-heading\" data-id=\"72aa9e3\" data-element_type=\"widget\" data-widget_type=\"heading.default\">\n\t\t\t\t<div class=\"elementor-widget-container\">\n\t\t\t\t\t<h2 class=\"elementor-heading-title elementor-size-default\">Email para<\/h2>\t\t\t\t<\/div>\n\t\t\t\t<\/div>\n\t\t\t\t<div class=\"elementor-element elementor-element-fd48f5d elementor-widget elementor-widget-text-editor\" data-id=\"fd48f5d\" data-element_type=\"widget\" data-widget_type=\"text-editor.default\">\n\t\t\t\t<div class=\"elementor-widget-container\">\n\t\t\t\t\t\t\t\t\tvendas1@demomateriaiseletricos.com.br\t\t\t\t\t\t\t\t<\/div>\n\t\t\t\t<\/div>\n\t\t\t\t\t<\/div>\n\t\t\t\t<\/div>\n\t\t\t\t\t<\/div>\n\t\t\t\t<\/div>\n\t\t\t\t<\/div>\n\t\t\t\t\t<\/div>\n\t\t\t\t<\/div>\n\t\t\t\t<\/div>\n\t\t","protected":false},"excerpt":{"rendered":"<p>Nossa localiza\u00e7\u00e3o Ligue para n\u00f3s Email para<\/p>\n","protected":false},"author":1,"featured_media":0,"parent":0,"menu_order":0,"comment_status":"closed","ping_status":"closed","template":"elementor_canvas","meta":{"footnotes":""},"class_list":["post-10","page","type-page","status-publish","hentry"],"acf":[],"aioseo_notices":[],"_links":{"self":[{"href":"https:\/\/demomateriaiseletricos.com.br\/index.php\/wp-json\/wp\/v2\/pages\/10","targetHints":{"allow":["GET"]}}],"collection":[{"href":"https:\/\/demomateriaiseletricos.com.br\/index.php\/wp-json\/wp\/v2\/pages"}],"about":[{"href":"https:\/\/demomateriaiseletricos.com.br\/index.php\/wp-json\/wp\/v2\/types\/page"}],"author":[{"embeddable":true,"href":"https:\/\/demomateriaiseletricos.com.br\/index.php\/wp-json\/wp\/v2\/users\/1"}],"replies":[{"embeddable":true,"href":"https:\/\/demomateriaiseletricos.com.br\/index.php\/wp-json\/wp\/v2\/comments?post=10"}],"version-history":[{"count":54,"href":"https:\/\/demomateriaiseletricos.com.br\/index.php\/wp-json\/wp\/v2\/pages\/10\/revisions"}],"predecessor-version":[{"id":124,"href":"https:\/\/demomateriaiseletricos.com.br\/index.php\/wp-json\/wp\/v2\/pages\/10\/revisions\/124"}],"wp:attachment":[{"href":"https:\/\/demomateriaiseletricos.com.br\/index.php\/wp-json\/wp\/v2\/media?parent=10"}],"curies":[{"name":"wp","href":"https:\/\/api.w.org\/{rel}","templated":true}]}}